{"id":4203,"date":"2026-01-29T16:04:43","date_gmt":"2026-01-29T15:04:43","guid":{"rendered":"http:\/\/wifi-network.local\/site\/?page_id=4203"},"modified":"2026-02-05T08:54:19","modified_gmt":"2026-02-05T07:54:19","slug":"so-funktionierts","status":"publish","type":"page","link":"https:\/\/www.wifi-network.eu\/site\/de\/so-funktionierts\/","title":{"rendered":"So funktioniert\u2018s"},"content":{"rendered":"<p><div class=\"fusion-fullwidth fullwidth-box fusion-builder-row-1 fusion-flex-container has-pattern-background has-mask-background nonhundred-percent-fullwidth non-hundred-percent-height-scrolling\" style=\"--awb-border-radius-top-left:0px;--awb-border-radius-top-right:0px;--awb-border-radius-bottom-right:0px;--awb-border-radius-bottom-left:0px;--awb-padding-top-small:80px;--awb-margin-bottom:50px;--awb-flex-wrap:wrap;\" ><div class=\"fusion-builder-row fusion-row fusion-flex-align-items-flex-start fusion-flex-content-wrap\" style=\"max-width:calc( 1200px + 100px );margin-left: calc(-100px \/ 2 );margin-right: calc(-100px \/ 2 );\"><div class=\"fusion-layout-column fusion_builder_column fusion-builder-column-0 fusion_builder_column_1_2 1_2 fusion-flex-column fusion-flex-align-self-center fusion-animated\" style=\"--awb-bg-size:cover;--awb-width-large:50%;--awb-spacing-right-large:50px;--awb-margin-bottom-large:0px;--awb-spacing-left-large:50px;--awb-width-medium:50%;--awb-order-medium:0;--awb-spacing-right-medium:50px;--awb-spacing-left-medium:50px;--awb-width-small:100%;--awb-order-small:0;--awb-spacing-right-small:50px;--awb-spacing-left-small:50px;\" data-animationType=\"fadeInLeft\" data-animationDuration=\"2.0\" data-animationOffset=\"top-into-view\" data-scroll-devices=\"small-visibility,medium-visibility,large-visibility\"><div class=\"fusion-column-wrapper fusion-column-has-shadow fusion-flex-justify-content-flex-start fusion-content-layout-column\"><div class=\"fusion-image-element \" style=\"--awb-caption-title-font-family:var(--h2_typography-font-family);--awb-caption-title-font-weight:var(--h2_typography-font-weight);--awb-caption-title-font-style:var(--h2_typography-font-style);--awb-caption-title-size:var(--h2_typography-font-size);--awb-caption-title-transform:var(--h2_typography-text-transform);--awb-caption-title-line-height:var(--h2_typography-line-height);--awb-caption-title-letter-spacing:var(--h2_typography-letter-spacing);\"><span class=\" fusion-imageframe imageframe-none imageframe-1 hover-type-none\"><img decoding=\"async\" width=\"800\" height=\"836\" alt=\"Smart registration\" title=\"Smart registration\" src=\"https:\/\/www.wifi-network.eu\/site\/wp-content\/uploads\/2026\/01\/password_instantly-800x836.jpg\" class=\"img-responsive wp-image-2601\" srcset=\"https:\/\/www.wifi-network.eu\/site\/wp-content\/uploads\/2026\/01\/password_instantly-200x209.jpg 200w, https:\/\/www.wifi-network.eu\/site\/wp-content\/uploads\/2026\/01\/password_instantly-400x418.jpg 400w, https:\/\/www.wifi-network.eu\/site\/wp-content\/uploads\/2026\/01\/password_instantly-600x627.jpg 600w, https:\/\/www.wifi-network.eu\/site\/wp-content\/uploads\/2026\/01\/password_instantly-800x836.jpg 800w, https:\/\/www.wifi-network.eu\/site\/wp-content\/uploads\/2026\/01\/password_instantly-1200x1253.jpg 1200w\" sizes=\"(max-width: 810px) 100vw, 600px\" \/><\/span><\/div><\/div><\/div><div class=\"fusion-layout-column fusion_builder_column fusion-builder-column-1 fusion_builder_column_1_2 1_2 fusion-flex-column fusion-flex-align-self-center\" style=\"--awb-padding-top-small:40px;--awb-bg-size:cover;--awb-width-large:50%;--awb-spacing-right-large:50px;--awb-margin-bottom-large:0px;--awb-spacing-left-large:50px;--awb-width-medium:50%;--awb-order-medium:0;--awb-spacing-right-medium:50px;--awb-spacing-left-medium:50px;--awb-width-small:100%;--awb-order-small:0;--awb-spacing-right-small:50px;--awb-spacing-left-small:50px;\"><div class=\"fusion-column-wrapper fusion-column-has-shadow fusion-flex-justify-content-flex-start fusion-content-layout-column\"><div class=\"fusion-title title fusion-title-1 fusion-sep-none fusion-title-text fusion-title-size-three\" style=\"--awb-margin-bottom:32px;--awb-margin-top-small:10px;--awb-margin-right-small:0px;--awb-margin-bottom-small:32px;--awb-margin-left-small:0px;\"><h3 class=\"fusion-title-heading title-heading-left fusion-responsive-typography-calculated\" style=\"margin:0;--fontSize:30;line-height:1.4;\">Clevere Registrierung<\/h3><\/div><div class=\"fusion-text fusion-text-1 fusion-text-no-margin\" style=\"--awb-margin-bottom:56px;\"><p><strong>WiFi-Network\/EverFast<\/strong> ist ein <a title=\"Find the hotspot near you\" href=\"\/site\/de\/hotspots-finden\/\">frei zug\u00e4ngliches, internationales WLAN-Hotspot-Netz,<\/a> das auf der von Wirtech entwickelten Plattform EverFast basiert.<br \/>\nHunderte aktive Hotspots in verschiedenen L\u00e4ndern Europas stehen bereit, um Ihnen eine sichere und zuverl\u00e4ssige WLAN-Verbindung zu bieten. <strong>Sobald Sie sich f\u00fcr diesen Service angemeldet haben, k\u00f6nnen sie mit Hilfe Ihrer Zugangsdaten jederzeit von jedem EverFast Point aus im Internet surfen, ohne dass Sie Ihre Zugangsdaten jemals \u00e4ndern m\u00fcssen<\/strong>.<br \/>\nDie Registrierung ist einfach und schnell und kann direkt aus dem WLAN-Bereich der EverFast Points erfolgen oder, wenn Sie eine Premium-WiFi-Karte oder SecureFast besitzen, auch von zu Hause, vom B\u00fcro oder von jedem anderen Ort mit Internetverbindung. Sie k\u00f6nnen unter verschiedenen <a title=\"zugriffsoptionen\" href=\"\/site\/de\/service\/\">Registrierungsoptionen<\/a> w\u00e4hlen und den Code auf der WiFi-Card die Ihnen von den Betreibern der Premium und Premium Plus EverFast Points ausgeh\u00e4ndigt wird, als Ihre Benutzer-ID verwenden. Wenn Sie sich an einem der Silver oder Silver\/Social EverFast Points befinden, k\u00f6nnen Sie einfach Ihre Handynummer verwenden.<\/p>\n<\/div><\/div><\/div><\/div><\/div><div class=\"fusion-fullwidth fullwidth-box fusion-builder-row-2 fusion-flex-container has-pattern-background has-mask-background nonhundred-percent-fullwidth non-hundred-percent-height-scrolling\" style=\"--awb-border-radius-top-left:0px;--awb-border-radius-top-right:0px;--awb-border-radius-bottom-right:0px;--awb-border-radius-bottom-left:0px;--awb-padding-top-small:80px;--awb-margin-bottom:50px;--awb-flex-wrap:wrap;\" ><div class=\"fusion-builder-row fusion-row fusion-flex-align-items-flex-start fusion-flex-content-wrap\" style=\"max-width:calc( 1200px + 100px );margin-left: calc(-100px \/ 2 );margin-right: calc(-100px \/ 2 );\"><div class=\"fusion-layout-column fusion_builder_column fusion-builder-column-2 fusion_builder_column_1_2 1_2 fusion-flex-column fusion-flex-align-self-center\" style=\"--awb-padding-top-small:40px;--awb-bg-size:cover;--awb-width-large:50%;--awb-spacing-right-large:50px;--awb-margin-bottom-large:0px;--awb-spacing-left-large:50px;--awb-width-medium:50%;--awb-order-medium:0;--awb-spacing-right-medium:50px;--awb-spacing-left-medium:50px;--awb-width-small:100%;--awb-order-small:0;--awb-spacing-right-small:50px;--awb-spacing-left-small:50px;\"><div class=\"fusion-column-wrapper fusion-column-has-shadow fusion-flex-justify-content-flex-start fusion-content-layout-column\"><div class=\"fusion-title title fusion-title-2 fusion-sep-none fusion-title-text fusion-title-size-three\" style=\"--awb-margin-bottom:32px;--awb-margin-top-small:10px;--awb-margin-right-small:0px;--awb-margin-bottom-small:32px;--awb-margin-left-small:0px;\"><h3 class=\"fusion-title-heading title-heading-left fusion-responsive-typography-calculated\" style=\"margin:0;--fontSize:30;line-height:1.4;\">Sie bekommen Ihr Passwort sofort<\/h3><\/div><div class=\"fusion-text fusion-text-2 fusion-text-no-margin\" style=\"--awb-margin-bottom:56px;\"><p>Sobald Sie sich angemeldet haben, erhalten Sie eine SMS-Nachricht mit dem Passwort zu der bei der Anmeldung angegebenen Benutzer-ID. Bewahren Sie diese Zugangsdaten gut auf. Sie werden sie brauchen, um den kostenlosen WLAN-Anschluss \u00fcber jeden Premium, Silver oder SilverSocial EverFast Point zu nutzen.<\/p>\n<\/div><\/div><\/div><div class=\"fusion-layout-column fusion_builder_column fusion-builder-column-3 fusion_builder_column_1_2 1_2 fusion-flex-column fusion-flex-align-self-center fusion-animated\" style=\"--awb-bg-size:cover;--awb-width-large:50%;--awb-spacing-right-large:50px;--awb-margin-bottom-large:0px;--awb-spacing-left-large:50px;--awb-width-medium:50%;--awb-order-medium:0;--awb-spacing-right-medium:50px;--awb-spacing-left-medium:50px;--awb-width-small:100%;--awb-order-small:0;--awb-spacing-right-small:50px;--awb-spacing-left-small:50px;\" data-animationType=\"fadeInRight\" data-animationDuration=\"2.0\" data-animationOffset=\"top-into-view\" data-scroll-devices=\"small-visibility,medium-visibility,large-visibility\"><div class=\"fusion-column-wrapper fusion-column-has-shadow fusion-flex-justify-content-flex-start fusion-content-layout-column\"><div class=\"fusion-image-element \" style=\"--awb-caption-title-font-family:var(--h2_typography-font-family);--awb-caption-title-font-weight:var(--h2_typography-font-weight);--awb-caption-title-font-style:var(--h2_typography-font-style);--awb-caption-title-size:var(--h2_typography-font-size);--awb-caption-title-transform:var(--h2_typography-text-transform);--awb-caption-title-line-height:var(--h2_typography-line-height);--awb-caption-title-letter-spacing:var(--h2_typography-letter-spacing);\"><span class=\" fusion-imageframe imageframe-none imageframe-2 hover-type-none\"><img decoding=\"async\" width=\"800\" height=\"672\" alt=\"Password for every EverFast Point\" title=\"Password for every EverFast Point\" src=\"https:\/\/www.wifi-network.eu\/site\/wp-content\/uploads\/2026\/01\/online_anywhere-800x672.jpg\" class=\"img-responsive wp-image-2603\" srcset=\"https:\/\/www.wifi-network.eu\/site\/wp-content\/uploads\/2026\/01\/online_anywhere-200x168.jpg 200w, https:\/\/www.wifi-network.eu\/site\/wp-content\/uploads\/2026\/01\/online_anywhere-400x336.jpg 400w, https:\/\/www.wifi-network.eu\/site\/wp-content\/uploads\/2026\/01\/online_anywhere-600x504.jpg 600w, https:\/\/www.wifi-network.eu\/site\/wp-content\/uploads\/2026\/01\/online_anywhere-800x672.jpg 800w, https:\/\/www.wifi-network.eu\/site\/wp-content\/uploads\/2026\/01\/online_anywhere-1200x1008.jpg 1200w\" sizes=\"(max-width: 810px) 100vw, 600px\" \/><\/span><\/div><\/div><\/div><\/div><\/div><div class=\"fusion-fullwidth fullwidth-box fusion-builder-row-3 fusion-flex-container has-pattern-background has-mask-background nonhundred-percent-fullwidth non-hundred-percent-height-scrolling\" style=\"--awb-border-radius-top-left:0px;--awb-border-radius-top-right:0px;--awb-border-radius-bottom-right:0px;--awb-border-radius-bottom-left:0px;--awb-padding-top-small:80px;--awb-margin-bottom:50px;--awb-flex-wrap:wrap;\" ><div class=\"fusion-builder-row fusion-row fusion-flex-align-items-flex-start fusion-flex-content-wrap\" style=\"max-width:calc( 1200px + 100px );margin-left: calc(-100px \/ 2 );margin-right: calc(-100px \/ 2 );\"><div class=\"fusion-layout-column fusion_builder_column fusion-builder-column-4 fusion_builder_column_1_2 1_2 fusion-flex-column fusion-flex-align-self-center fusion-animated\" style=\"--awb-bg-size:cover;--awb-width-large:50%;--awb-spacing-right-large:50px;--awb-margin-bottom-large:0px;--awb-spacing-left-large:50px;--awb-width-medium:50%;--awb-order-medium:0;--awb-spacing-right-medium:50px;--awb-spacing-left-medium:50px;--awb-width-small:100%;--awb-order-small:0;--awb-spacing-right-small:50px;--awb-spacing-left-small:50px;\" data-animationType=\"fadeInLeft\" data-animationDuration=\"2.0\" data-animationOffset=\"top-into-view\" data-scroll-devices=\"small-visibility,medium-visibility,large-visibility\"><div class=\"fusion-column-wrapper fusion-column-has-shadow fusion-flex-justify-content-flex-start fusion-content-layout-column\"><div class=\"fusion-image-element \" style=\"--awb-caption-title-font-family:var(--h2_typography-font-family);--awb-caption-title-font-weight:var(--h2_typography-font-weight);--awb-caption-title-font-style:var(--h2_typography-font-style);--awb-caption-title-size:var(--h2_typography-font-size);--awb-caption-title-transform:var(--h2_typography-text-transform);--awb-caption-title-line-height:var(--h2_typography-line-height);--awb-caption-title-letter-spacing:var(--h2_typography-letter-spacing);\"><span class=\" fusion-imageframe imageframe-none imageframe-3 hover-type-none\"><img decoding=\"async\" width=\"800\" height=\"682\" alt=\"Online anywhere\" title=\"Online anywhere\" src=\"https:\/\/www.wifi-network.eu\/site\/wp-content\/uploads\/2026\/01\/smart_registration-800x682.jpg\" class=\"img-responsive wp-image-2598\" srcset=\"https:\/\/www.wifi-network.eu\/site\/wp-content\/uploads\/2026\/01\/smart_registration-200x171.jpg 200w, https:\/\/www.wifi-network.eu\/site\/wp-content\/uploads\/2026\/01\/smart_registration-400x341.jpg 400w, https:\/\/www.wifi-network.eu\/site\/wp-content\/uploads\/2026\/01\/smart_registration-600x512.jpg 600w, https:\/\/www.wifi-network.eu\/site\/wp-content\/uploads\/2026\/01\/smart_registration-800x682.jpg 800w, https:\/\/www.wifi-network.eu\/site\/wp-content\/uploads\/2026\/01\/smart_registration-1200x1023.jpg 1200w\" sizes=\"(max-width: 810px) 100vw, 600px\" \/><\/span><\/div><\/div><\/div><div class=\"fusion-layout-column fusion_builder_column fusion-builder-column-5 fusion_builder_column_1_2 1_2 fusion-flex-column fusion-flex-align-self-center\" style=\"--awb-padding-top-small:40px;--awb-bg-size:cover;--awb-width-large:50%;--awb-spacing-right-large:50px;--awb-margin-bottom-large:0px;--awb-spacing-left-large:50px;--awb-width-medium:50%;--awb-order-medium:0;--awb-spacing-right-medium:50px;--awb-spacing-left-medium:50px;--awb-width-small:100%;--awb-order-small:0;--awb-spacing-right-small:50px;--awb-spacing-left-small:50px;\"><div class=\"fusion-column-wrapper fusion-column-has-shadow fusion-flex-justify-content-flex-start fusion-content-layout-column\"><div class=\"fusion-title title fusion-title-3 fusion-sep-none fusion-title-text fusion-title-size-three\" style=\"--awb-margin-bottom:32px;--awb-margin-top-small:10px;--awb-margin-right-small:0px;--awb-margin-bottom-small:32px;--awb-margin-left-small:0px;\"><h3 class=\"fusion-title-heading title-heading-left fusion-responsive-typography-calculated\" style=\"margin:0;--fontSize:30;line-height:1.4;\">\u00dcberall online. Und das kostenlos<\/h3><\/div><div class=\"fusion-text fusion-text-3 fusion-text-no-margin\" style=\"--awb-margin-bottom:56px;\"><p>Es gibt bereits viele EverFast Points, und es werden immer mehr! Bars, Restaurants, Hotels, Bergh\u00fctten, Wellnesszentren und Gesch\u00e4fte des Hotspot-Netzes WiFi-Network\/EverFast bieten Internetanbindung und viele andere Serviceleistungen. Der \u00fcberaus zuverl\u00e4ssige Server bildet den Grundstein der Plattform. Er garantiert Servicekontinuit\u00e4t auch im Falle eines fehlerhaften Netzknotens. Die strategische Verteilung der Rechenzentren auf London (UK), Frankfurt (DE) und Amsterdam (NL) garantiert f\u00fcr eine ausgezeichnete Abdeckung.<\/p>\n<\/div><\/div><\/div><\/div><\/div><\/p>\n","protected":false},"excerpt":{"rendered":"","protected":false},"author":2,"featured_media":0,"parent":0,"menu_order":0,"comment_status":"closed","ping_status":"closed","template":"100-width.php","meta":{"_acf_changed":false,"footnotes":""},"class_list":["post-4203","page","type-page","status-publish","hentry"],"acf":[],"_links":{"self":[{"href":"https:\/\/www.wifi-network.eu\/site\/wp-json\/wp\/v2\/pages\/4203","targetHints":{"allow":["GET"]}}],"collection":[{"href":"https:\/\/www.wifi-network.eu\/site\/wp-json\/wp\/v2\/pages"}],"about":[{"href":"https:\/\/www.wifi-network.eu\/site\/wp-json\/wp\/v2\/types\/page"}],"author":[{"embeddable":true,"href":"https:\/\/www.wifi-network.eu\/site\/wp-json\/wp\/v2\/users\/2"}],"replies":[{"embeddable":true,"href":"https:\/\/www.wifi-network.eu\/site\/wp-json\/wp\/v2\/comments?post=4203"}],"version-history":[{"count":2,"href":"https:\/\/www.wifi-network.eu\/site\/wp-json\/wp\/v2\/pages\/4203\/revisions"}],"predecessor-version":[{"id":4281,"href":"https:\/\/www.wifi-network.eu\/site\/wp-json\/wp\/v2\/pages\/4203\/revisions\/4281"}],"wp:attachment":[{"href":"https:\/\/www.wifi-network.eu\/site\/wp-json\/wp\/v2\/media?parent=4203"}],"curies":[{"name":"wp","href":"https:\/\/api.w.org\/{rel}","templated":true}]}}