{"id":4198,"date":"2026-01-29T12:13:05","date_gmt":"2026-01-29T11:13:05","guid":{"rendered":"http:\/\/wifi-network.local\/site\/?page_id=4198"},"modified":"2026-01-29T12:13:05","modified_gmt":"2026-01-29T11:13:05","slug":"termini-e-condizioni","status":"publish","type":"page","link":"https:\/\/www.wifi-network.eu\/site\/it\/termini-e-condizioni\/","title":{"rendered":"Termini e condizioni"},"content":{"rendered":"<div class=\"fusion-fullwidth fullwidth-box fusion-builder-row-1 fusion-flex-container has-pattern-background has-mask-background nonhundred-percent-fullwidth non-hundred-percent-height-scrolling\" style=\"--awb-border-radius-top-left:0px;--awb-border-radius-top-right:0px;--awb-border-radius-bottom-right:0px;--awb-border-radius-bottom-left:0px;--awb-flex-wrap:wrap;\" ><div class=\"fusion-builder-row fusion-row fusion-flex-align-items-flex-start fusion-flex-content-wrap\" style=\"max-width:1248px;margin-left: calc(-4% \/ 2 );margin-right: calc(-4% \/ 2 );\"><div class=\"fusion-layout-column fusion_builder_column fusion-builder-column-0 fusion_builder_column_1_1 1_1 fusion-flex-column\" style=\"--awb-bg-size:cover;--awb-width-large:100%;--awb-spacing-right-large:1.92%;--awb-margin-bottom-large:0px;--awb-spacing-left-large:1.92%;--awb-width-medium:100%;--awb-order-medium:0;--awb-spacing-right-medium:1.92%;--awb-spacing-left-medium:1.92%;--awb-width-small:100%;--awb-order-small:0;--awb-spacing-right-small:1.92%;--awb-spacing-left-small:1.92%;\"><div class=\"fusion-column-wrapper fusion-column-has-shadow fusion-flex-justify-content-flex-start fusion-content-layout-column\"><div class=\"fusion-text fusion-text-1\"><p><strong>(1) Introduzione<\/strong><br \/>\nQuesti termini e condizioni disciplinano l\u2019utilizzo del nostro sito web: [wifi-network.eu]; l\u2019utilizzo del sito web comporta la piena accettazione delle presenti condizioni. Qualora non vengano accettate, in tutto o in parte, le succitate condizioni, non verr\u00e0 concessa l\u2019autorizzazione all\u2019utilizzo del sito web.<br \/>\nIl nostro sito web si avvale di cookie. Accedendo al sito web e accettando questi termini e condizioni, l\u2019utente acconsente all\u2019uso dei cookie in conformit\u00e0 con la nostra politica sulla privacy.<\/p>\n<p><strong>(2) Licenza per l\u2019uso del sito web<\/strong><br \/>\nSalvo diversa indicazione, noi o i nostri licenziatari deteniamo i diritti di propriet\u00e0 intellettuale del sito web e del materiale pubblicato sul sito stesso. In base alla licenza, tutti questi diritti di propriet\u00e0 intellettuale sono riservati. Nel rispetto delle restrizioni di seguito indicate \u00e8 concesso visualizzare, scaricare nella cache per scopi di memorizzazione e stampare pagine dal sito solo per uso personale. Non \u00e8 consentito: (a) ripubblicare materiale estratto da questo sito web (compresa la ripubblicazione su un altro sito); (b) vendere, noleggiare o concedere in sublicenza materiale estratto da questo sito web; (c) mostrare in pubblico qualsiasi contenuto del sito web; (d) scaricare o altrimenti modificare qualsiasi contenuto del sito.<\/p>\n<p><strong>(3) Uso consentito<\/strong><br \/>\nNon \u00e8 consentito utilizzare il nostro sito web in alcun modo che causi o possa causare danni al sito stesso o che ne comporti la compromissione della disponibilit\u00e0 o dell\u2019accessibilit\u00e0 o in qualsiasi modo illecito, illegale, fraudolento o dannoso o in connessione con qualsiasi scopo o attivit\u00e0 illecita, illegale, fraudolenta o dannosa. Non \u00e8 consentito condurre attivit\u00e0 sistematiche o automatizzate di raccolta dei dati (compresi, a titolo esemplificativo, estrazione di dati, raccolta di dati) da o in relazione al sito senza il nostro esplicito consenso scritto. Non \u00e8 consentito utilizzare il sito web per trasmettere o inviare comunicazioni commerciali non richieste. Non \u00e8 consentito utilizzare il sito web per scopi relativi al marketing senza il nostro esplicito consenso scritto.<\/p>\n<p><strong>(4) Accesso limitato<\/strong><br \/>\nL\u2019accesso a determinate aree del nostro sito web \u00e8 ristretto. Ci riserviamo il diritto di limitare l\u2019accesso ad altre aree del sito o a limitare l\u2019accesso all\u2019intero sito web a nostra discrezione. Se [forniamo\/generiamo] uno user ID e una password per consentire all\u2019utente di accedere alle aree riservate del nostro sito web o ad altri contenuti o servizi \u00e8 tassativo che l\u2019utente mantenga la riservatezza della password. Qualora l\u2019utente venisse a conoscenza di qualsiasi uso non autorizzato del proprio account o password, il fatto dovr\u00e0 esserci tempestivamente notificato per iscritto. L\u2019utente \u00e8 responsabile di qualsiasi attivit\u00e0 svolta sul nostro sito web derivante da qualsiasi errore di mantenimento in riservattezza della propria password e pu\u00f2 essere ritenuto responsabile di eventuali perdite derivanti da tale mancanza di riservatezza. L\u2019utente non deve utilizzare lo user ID e la password di altre persone per accedere al nostro sito web, [a meno che non abbia l\u2019espressa autorizzazione di tali persone a farlo]. Ci riserviamo il diritto di disabilitare lo user ID e la password in qualsiasi momento a nostra esclusiva discrezione, con o senza preavviso o spiegazione.<\/p>\n<p><strong>(5) Limitazioni delle garanzie<\/strong><br \/>\nNon garantiamo la completezza o l\u2019accuratezza delle informazioni pubblicate su questo sito web n\u00e9 ci impegniamo a garantire che il sito rimanga disponibile o che il materiale sul sito sia aggiornato. Nella misura massima consentita dalla legge applicabile, escludiamo tutte le dichiarazioni, garanzie e condizioni relative a questo sito web e all\u2019uso di questo sito web (incluse, a titolo esemplificativo, le garanzie implicite della legge in merito a qualit\u00e0 soddisfacente, idoneit\u00e0 allo scopo e\/o uso di cure e abilit\u00e0 ragionevoli).<\/p>\n<p><strong>(6) Limitazioni ed esclusioni di responsabilit\u00e0<\/strong><br \/>\nNulla in questi termini di utilizzo potr\u00e0: (a) limitare o escludere la nostra responsabilit\u00e0 o quella dell\u2019utente per morte o lesioni personali derivanti da negligenza; (b) limitare o escludere la nostra responsabilit\u00e0 o quella dell\u2019utente per frode o dichiarazione fraudolenta; (c) limitare qualsiasi nostra responsabilit\u00e0 o quella dell\u2019utente in qualsiasi modo non consentito dalla legge applicabile o (d) escludere qualsiasi nostra responsabilit\u00e0 o quella dell\u2019utente che non pu\u00f2 essere esclusa dalla legge applicabile. Le limitazioni e le esclusioni di responsabilit\u00e0 stabilite in questa sezione e altrove in questi termini e condizioni: (a) sono soggette al paragrafo precedente e (b) disciplinano tutte le responsabilit\u00e0 derivanti dai presenti termini e condizioni o in relazione all\u2019oggetto dei presenti termini e condizioni, comprese le responsabilit\u00e0 derivanti dal contratto, in atto illecito (inclusa la negligenza) e per violazione dei doveri legali. Nella misura in cui il sito web e le informazioni e i servizi sul sito web sono forniti gratuitamente, non saremo responsabili per eventuali perdite o danni di qualsiasi natura. Non saremo responsabili nei confronti dell\u2019utente per eventuali perdite derivanti da eventi al di fuori del nostro ragionevole controllo. Non saremo responsabili nei confronti di eventuali perdite aziendali, inclusi (a titolo esemplificativo) perdita o danni a profitti, entrate, utilizzo, produzione, affari, contratti, opportunit\u00e0 commerciali o avviamento. Non saremo responsabili nei confronti dell\u2019utente in caso di perdita o danneggiamento di dati, database o software. Non saremo responsabili nei confronti dell\u2019utente in caso di perdite o danni speciali, indiretti o consequenziali.<\/p>\n<p><strong>(7) Indennit\u00e0<\/strong><br \/>\nCon la presente l\u2019utente ci indennizza e si impegna a tenerci indenni da perdite, danni, costi, responsabilit\u00e0 e spese (incluse, senza limitazioni, le spese legali e le somme da noi dovute a terzi e\/o ai nostri consulenti legali per il pagamento di reclami o di controversie) da noi sostenute o sofferte derivanti da qualsiasi violazione da parte dell\u2019utente di qualsiasi disposizione dei presenti termini e condizioni [o derivanti da qualsiasi rivendicazione di violazione delle presenti condizioni d\u2019uso].<\/p>\n<p><strong>(8) Violazioni di queste condizioni d\u2019uso<\/strong><br \/>\nIn caso di violazione dei presenti termini e condizioni, fatti salvi gli altri nostri diritti, potremo intraprendere le azioni che riterremo opportune per gestire la violazione, tra cui la sospensione dell\u2019accesso al sito web vietandone l\u2019accesso e\/o bloccando dall\u2019accesso al sito i computer che utilizzano l\u2019indirizzo IP dell\u2019utente, contattando il suo fornitore di servizi Internet per chiedere di bloccare il suo accesso al sito web e\/o avviare procedimenti giudiziari nei suoi confronti.<\/p>\n<p><strong>(9) Variazioni<\/strong><br \/>\nPotremo rivedere questi termini di utilizzo di volta in volta. I termini di utilizzo modificati si applicheranno all\u2019uso del nostro sito web dalla data di pubblicazione dei termini e condizioni modificati sul sito stesso.<\/p>\n<p><strong>(10) Assegnazione<\/strong><br \/>\nPossiamo trasferire, subappaltare o altrimenti trattare i nostri diritti e\/o obblighi in base ai presenti termini e condizioni senza informare od ottenere il consenso degli utenti i quali non possono trasferire, subappaltare o altrimenti trattare i propri diritti e\/o obblighi in base alle presenti condizioni.<\/p>\n<p><strong>(11) Separabilit\u00e0<\/strong><br \/>\nSe qualsiasi tribunale o altra autorit\u00e0 competente dovesse determinare che una disposizione di questi termini e condizioni risultasse illegale e inapplicabile, le altre disposizioni continuerebbero a mantenere la propria efficacia. Se una parte di una disposizione risultasse illegale e\/o inapplicabile e venisse cancellata, quella parte sar\u00e0 considerata cancellata e il resto della disposizione continuer\u00e0 a mantenere la sua efficacia.<\/p>\n<p><strong>(12) Esclusione dei diritti di terzi<\/strong><br \/>\nQuesti termini e condizioni sono rivolti esclusivamente a noi e agli utenti del sito web e non sono intesi a beneficio di terzi n\u00e9 possono essere eseguiti da terze parti. L\u2019esercizio dei nostri diritti e di quelli degli utenti in relazione a questi termini e condizioni non \u00e8 soggetto al consenso di terzi.<\/p>\n<p><strong>(13) Accordo completo<\/strong><br \/>\nFatto salvo il primo paragrafo della Sezione [6], questi termini e condizioni, unitamente alla nostra politica sulla privacy, costituiscono l\u2019intero accordo tra noi e e gli utenti in relazione all\u2019uso del nostro sito web e sostituiscono tutti gli eventuali accordi precedenti in relazione all\u2019utilizzo del nostro sito web.<\/p>\n<p><strong>(14) Legge e giurisdizione<\/strong><br \/>\nQuesti termini e condizioni saranno regolati e interpretati in conformit\u00e0 con la legge inglese, e tutte le controversie relative ai presenti termini e condizioni saranno soggetti alla giurisdizione esclusiva dei tribunali di Inghilterra e Galles.<\/p>\n<p><strong>(15) I nostri riferimenti<\/strong><br \/>\nIl nome completo della nostra azienda \u00e8 Wirtech Ltd.<br \/>\nSiamo registrati in Inghilterra e Galles con il numero 08200978.<br \/>\nLa nostra sede legale \u00e8 in Unitec House, 2 Albert Place London UK \u2013 N3 1QB Regno Unito.<br \/>\nLa nostra email di contatto \u00e8: wirtech@wirtech.co.uk<\/p>\n<p>Questo documento \u00e8 stato aggiornato l\u2019ultima volta il 4 novembre 2021.<\/p>\n<\/div><\/div><\/div><\/div><\/div>\n","protected":false},"excerpt":{"rendered":"","protected":false},"author":2,"featured_media":0,"parent":0,"menu_order":0,"comment_status":"closed","ping_status":"closed","template":"100-width.php","meta":{"_acf_changed":false,"footnotes":""},"class_list":["post-4198","page","type-page","status-publish","hentry"],"acf":[],"_links":{"self":[{"href":"https:\/\/www.wifi-network.eu\/site\/wp-json\/wp\/v2\/pages\/4198","targetHints":{"allow":["GET"]}}],"collection":[{"href":"https:\/\/www.wifi-network.eu\/site\/wp-json\/wp\/v2\/pages"}],"about":[{"href":"https:\/\/www.wifi-network.eu\/site\/wp-json\/wp\/v2\/types\/page"}],"author":[{"embeddable":true,"href":"https:\/\/www.wifi-network.eu\/site\/wp-json\/wp\/v2\/users\/2"}],"replies":[{"embeddable":true,"href":"https:\/\/www.wifi-network.eu\/site\/wp-json\/wp\/v2\/comments?post=4198"}],"version-history":[{"count":2,"href":"https:\/\/www.wifi-network.eu\/site\/wp-json\/wp\/v2\/pages\/4198\/revisions"}],"predecessor-version":[{"id":4200,"href":"https:\/\/www.wifi-network.eu\/site\/wp-json\/wp\/v2\/pages\/4198\/revisions\/4200"}],"wp:attachment":[{"href":"https:\/\/www.wifi-network.eu\/site\/wp-json\/wp\/v2\/media?parent=4198"}],"curies":[{"name":"wp","href":"https:\/\/api.w.org\/{rel}","templated":true}]}}