{"id":4174,"date":"2026-01-29T09:57:15","date_gmt":"2026-01-29T08:57:15","guid":{"rendered":"http:\/\/wifi-network.local\/site\/?page_id=4174"},"modified":"2026-01-29T09:58:42","modified_gmt":"2026-01-29T08:58:42","slug":"silver","status":"publish","type":"page","link":"https:\/\/www.wifi-network.eu\/site\/de\/und-so-gehts\/silver\/","title":{"rendered":"Und so geht\u2018s \u2013 EverFast Point Silver"},"content":{"rendered":"<p><div class=\"fusion-fullwidth fullwidth-box fusion-builder-row-1 fusion-flex-container has-pattern-background has-mask-background nonhundred-percent-fullwidth non-hundred-percent-height-scrolling\" style=\"--awb-border-radius-top-left:0px;--awb-border-radius-top-right:0px;--awb-border-radius-bottom-right:0px;--awb-border-radius-bottom-left:0px;--awb-margin-bottom:50px;--awb-flex-wrap:wrap;\" ><div class=\"fusion-builder-row fusion-row fusion-flex-align-items-flex-start fusion-flex-content-wrap\" style=\"max-width:1248px;margin-left: calc(-4% \/ 2 );margin-right: calc(-4% \/ 2 );\"><div class=\"fusion-layout-column fusion_builder_column fusion-builder-column-0 fusion_builder_column_1_2 1_2 fusion-flex-column\" style=\"--awb-bg-size:cover;--awb-width-large:50%;--awb-spacing-right-large:3.84%;--awb-margin-bottom-large:0px;--awb-spacing-left-large:3.84%;--awb-width-medium:50%;--awb-order-medium:0;--awb-spacing-right-medium:3.84%;--awb-spacing-left-medium:3.84%;--awb-width-small:100%;--awb-order-small:0;--awb-spacing-right-small:1.92%;--awb-spacing-left-small:1.92%;\"><div class=\"fusion-column-wrapper fusion-column-has-shadow fusion-flex-justify-content-flex-start fusion-content-layout-column\"><div class=\"fusion-text fusion-text-1\"><p><strong>WiFi-Network\/EverFast<\/strong> ist ein internationales Netzwerk von WiFi-Hotspots mit kostenlosem Zugang, das von Wirtech entwickelt wurde.<br \/>\nUm den Zugriff zu erhalten, ist eine vorherige Anmeldung erforderlich. Danach erhalten Sie per SMS das Passwort mit Ihrer Benutzer-ID (ID Nummer).<\/p>\n<p>Wir laden Sie ein, https:\/\/www.wifi-network.eu\/site\/de\/gdpr-einklang\/, wo Sie unter anderem Folgendes \u00fcberpr\u00fcfen k\u00f6nnen:<br \/>\n\u2022 Ihre Daten (Mobiltelefonnummer und e-Mail-Adresse) werden gespeichert in \u00dcbereinstimmung mit der DSGVO und werden nicht an Dritte weitergegeben;<br \/>\n\u2022 Wirtech verwendet keinen Proxy-Server, um Ihr Online-Verhalten abzubilden.<\/p>\n<\/div><\/div><\/div><div class=\"fusion-layout-column fusion_builder_column fusion-builder-column-1 fusion_builder_column_1_2 1_2 fusion-flex-column\" style=\"--awb-bg-size:cover;--awb-width-large:50%;--awb-spacing-right-large:3.84%;--awb-margin-bottom-large:0px;--awb-spacing-left-large:3.84%;--awb-width-medium:50%;--awb-order-medium:0;--awb-spacing-right-medium:3.84%;--awb-spacing-left-medium:3.84%;--awb-width-small:100%;--awb-order-small:0;--awb-spacing-right-small:1.92%;--awb-spacing-left-small:1.92%;\"><div class=\"fusion-column-wrapper fusion-column-has-shadow fusion-flex-justify-content-flex-start fusion-content-layout-column\"><\/div><\/div><\/div><\/div><div class=\"fusion-fullwidth fullwidth-box fusion-builder-row-2 fusion-flex-container has-pattern-background has-mask-background nonhundred-percent-fullwidth non-hundred-percent-height-scrolling\" style=\"--awb-border-radius-top-left:0px;--awb-border-radius-top-right:0px;--awb-border-radius-bottom-right:0px;--awb-border-radius-bottom-left:0px;--awb-flex-wrap:wrap;\" ><div class=\"fusion-builder-row fusion-row fusion-flex-align-items-flex-start fusion-flex-content-wrap\" style=\"max-width:1248px;margin-left: calc(-4% \/ 2 );margin-right: calc(-4% \/ 2 );\"><div class=\"fusion-layout-column fusion_builder_column fusion-builder-column-2 fusion_builder_column_1_2 1_2 fusion-flex-column\" style=\"--awb-bg-size:cover;--awb-width-large:50%;--awb-spacing-right-large:3.84%;--awb-margin-bottom-large:0px;--awb-spacing-left-large:3.84%;--awb-width-medium:50%;--awb-order-medium:0;--awb-spacing-right-medium:3.84%;--awb-spacing-left-medium:3.84%;--awb-width-small:100%;--awb-order-small:0;--awb-spacing-right-small:1.92%;--awb-spacing-left-small:1.92%;\"><div class=\"fusion-column-wrapper fusion-column-has-shadow fusion-flex-justify-content-flex-start fusion-content-layout-column\"><div class=\"fusion-text fusion-text-2\"><h2>Anmeldung<\/h2>\n<p>Um mit der Anmeldung fortzufahren, ben\u00f6tigen Sie lediglich eine Mobiltelefonnummer.<\/p>\n<p>W\u00e4hlen Sie das <strong>SSID WiFi Network<\/strong> aus den in Ihrem Bereich verf\u00fcgbaren Netzwerken aus und klicken Sie auf die Flagge der Sprache, die Sie verwenden m\u00f6chten. W\u00e4hlen Sie die Option: <strong>NEIN, ICH HABE KEIN<\/strong>. Der Bildschirm <strong>(D)<\/strong> \u00f6ffnet sich. F\u00fcllen Sie dann alle Felder aus:<\/p>\n<p><strong>1) L\u00e4ndervorwahl<\/strong>: W\u00e4hlen Sie aus dem Dropdown-Men\u00fc die L\u00e4ndervorwahl Ihres Mobiltelefons aus,<br \/>\n<strong>2) Mobiltelefonnummer<\/strong>: Geben Sie die Telefonnummer ohne Wiederholung der L\u00e4ndervorwahl an,<br \/>\n<strong>3) eMail<\/strong>: Geben Sie eine g\u00fcltige eMail-Addresse an, die Sie regelm\u00e4\u00dfig \u00fcberpr\u00fcfen,<br \/>\n<strong>4) Rechtliche Hinweise<\/strong>: Lesen Sie die Vertragsbedingungen, die Datenschutzbestimmungen und die Bestimmungen f\u00fcr die Nutzung des Dienstes sorgf\u00e4ltig durch und setzen Sie, falls einverstanden, das H\u00e4kchen und beenden Sie den Vorgang durch Klicken auf die Schaltfl\u00e4che <strong>REGISTRIEREN(6)<\/strong>.<\/p>\n<p>Das System sendet sofort eine SMS an die angegebene Telefonnummer mit dem Ihrer Benutzer-ID zugeordneten Kennwort, das sich aus der Telefonnummer einschlie\u00dflich des internationalen Pr\u00e4fixes ohne die anf\u00e4ngliche doppelte Null zusammensetzt.<\/p>\n<p>Beispiel: Wenn Ihre vollst\u00e4ndige Telefonnummer +49.123.4567890 lautet, wobei +49 das internationale Pr\u00e4fix f\u00fcr Deutschland ist, lautet die Benutzer-ID: <strong>491234567890<\/strong><\/p>\n<\/div><\/div><\/div><div class=\"fusion-layout-column fusion_builder_column fusion-builder-column-3 fusion_builder_column_1_2 1_2 fusion-flex-column\" style=\"--awb-bg-size:cover;--awb-width-large:50%;--awb-spacing-right-large:3.84%;--awb-margin-bottom-large:0px;--awb-spacing-left-large:3.84%;--awb-width-medium:50%;--awb-order-medium:0;--awb-spacing-right-medium:3.84%;--awb-spacing-left-medium:3.84%;--awb-width-small:100%;--awb-order-small:0;--awb-spacing-right-small:1.92%;--awb-spacing-left-small:1.92%;\"><div class=\"fusion-column-wrapper fusion-column-has-shadow fusion-flex-justify-content-flex-start fusion-content-layout-column\"><div class=\"fusion-image-element \" style=\"text-align:center;--awb-margin-top:60px;--awb-caption-title-font-family:var(--h2_typography-font-family);--awb-caption-title-font-weight:var(--h2_typography-font-weight);--awb-caption-title-font-style:var(--h2_typography-font-style);--awb-caption-title-size:var(--h2_typography-font-size);--awb-caption-title-transform:var(--h2_typography-text-transform);--awb-caption-title-line-height:var(--h2_typography-line-height);--awb-caption-title-letter-spacing:var(--h2_typography-letter-spacing);\"><span class=\" fusion-imageframe imageframe-none imageframe-1 hover-type-none\"><img decoding=\"async\" width=\"400\" height=\"801\" title=\"registrazione_silver_en\" src=\"https:\/\/www.wifi-network.eu\/site\/wp-content\/uploads\/2026\/01\/registrazione_silver_en-400x801.jpg\" alt class=\"img-responsive wp-image-3937\" srcset=\"https:\/\/www.wifi-network.eu\/site\/wp-content\/uploads\/2026\/01\/registrazione_silver_en-200x401.jpg 200w, https:\/\/www.wifi-network.eu\/site\/wp-content\/uploads\/2026\/01\/registrazione_silver_en-400x801.jpg 400w, https:\/\/www.wifi-network.eu\/site\/wp-content\/uploads\/2026\/01\/registrazione_silver_en.jpg 600w\" sizes=\"(max-width: 810px) 100vw, 400px\" \/><\/span><\/div><\/div><\/div><\/div><\/div><div class=\"fusion-fullwidth fullwidth-box fusion-builder-row-3 fusion-flex-container has-pattern-background has-mask-background nonhundred-percent-fullwidth non-hundred-percent-height-scrolling\" style=\"--awb-border-radius-top-left:0px;--awb-border-radius-top-right:0px;--awb-border-radius-bottom-right:0px;--awb-border-radius-bottom-left:0px;--awb-flex-wrap:wrap;\" ><div class=\"fusion-builder-row fusion-row fusion-flex-align-items-flex-start fusion-flex-content-wrap\" style=\"max-width:1248px;margin-left: calc(-4% \/ 2 );margin-right: calc(-4% \/ 2 );\"><div class=\"fusion-layout-column fusion_builder_column fusion-builder-column-4 fusion_builder_column_1_2 1_2 fusion-flex-column\" style=\"--awb-bg-size:cover;--awb-width-large:50%;--awb-spacing-right-large:3.84%;--awb-margin-bottom-large:0px;--awb-spacing-left-large:3.84%;--awb-width-medium:50%;--awb-order-medium:0;--awb-spacing-right-medium:3.84%;--awb-spacing-left-medium:3.84%;--awb-width-small:100%;--awb-order-small:0;--awb-spacing-right-small:1.92%;--awb-spacing-left-small:1.92%;\"><div class=\"fusion-column-wrapper fusion-column-has-shadow fusion-flex-justify-content-flex-start fusion-content-layout-column\"><div class=\"fusion-text fusion-text-3\"><h2>Zugang zum Internet<\/h2>\n<p>Wenn Sie sich bereits registriert haben, w\u00e4hlen Sie das <strong>SSID WiFi Network<\/strong> aus den in Ihrem Bereich verf\u00fcgbaren Netzwerken aus und klicken Sie auf die Flagge der Sprache, die Sie verwenden m\u00f6chten. W\u00e4hlen Sie die Option: <strong>ICH HABE DAS KENNWORT!<\/strong>. Der Bildschirm <strong>(E)<\/strong> \u00f6ffnet sich. F\u00fcllen Sie dann Ihre Anmeldeinformationen ein:<\/p>\n<p><strong>1) Mobiltelefonnummer<\/strong> (User-ID): Geben Sie die Telefonnummer ein, unter der Sie registriert haben, einschlie\u00dflich des internationalen Pr\u00e4fixes ohne die doppelte Anfangsnull,<br \/>\n<strong>7) Kennwort<\/strong>: Geben Sie das per SMS erhaltene Passwort ein und dr\u00fccken Sie<\/p>\n<p><strong>ANMELDEN (8)<\/strong>.<\/p>\n<p>Wir erinnern Sie daran, dass die Anmeldedaten nicht verfallen und in allen teilnehmenden L\u00e4ndern in allen <strong>WiFi-Network EverFast Points<\/strong> frei verwendet werden k\u00f6nnen.<\/p>\n<p>We remind you that the credentials do not expire and are freely usable in all EverFast Points participating in the <strong>WiFi-Network\/EverFast<\/strong> circuit, in all the Countries where it is active.<\/p>\n<\/div><\/div><\/div><div class=\"fusion-layout-column fusion_builder_column fusion-builder-column-5 fusion_builder_column_1_2 1_2 fusion-flex-column\" style=\"--awb-bg-size:cover;--awb-width-large:50%;--awb-spacing-right-large:3.84%;--awb-margin-bottom-large:0px;--awb-spacing-left-large:3.84%;--awb-width-medium:50%;--awb-order-medium:0;--awb-spacing-right-medium:3.84%;--awb-spacing-left-medium:3.84%;--awb-width-small:100%;--awb-order-small:0;--awb-spacing-right-small:1.92%;--awb-spacing-left-small:1.92%;\"><div class=\"fusion-column-wrapper fusion-column-has-shadow fusion-flex-justify-content-flex-start fusion-content-layout-column\"><div class=\"fusion-image-element \" style=\"text-align:center;--awb-margin-top:60px;--awb-caption-title-font-family:var(--h2_typography-font-family);--awb-caption-title-font-weight:var(--h2_typography-font-weight);--awb-caption-title-font-style:var(--h2_typography-font-style);--awb-caption-title-size:var(--h2_typography-font-size);--awb-caption-title-transform:var(--h2_typography-text-transform);--awb-caption-title-line-height:var(--h2_typography-line-height);--awb-caption-title-letter-spacing:var(--h2_typography-letter-spacing);\"><span class=\" fusion-imageframe imageframe-none imageframe-2 hover-type-none\"><img decoding=\"async\" width=\"400\" height=\"639\" title=\"login_silver_en\" src=\"https:\/\/www.wifi-network.eu\/site\/wp-content\/uploads\/2026\/01\/login_silver_en-400x639.jpg\" alt class=\"img-responsive wp-image-3935\" srcset=\"https:\/\/www.wifi-network.eu\/site\/wp-content\/uploads\/2026\/01\/login_silver_en-200x319.jpg 200w, https:\/\/www.wifi-network.eu\/site\/wp-content\/uploads\/2026\/01\/login_silver_en-400x639.jpg 400w, https:\/\/www.wifi-network.eu\/site\/wp-content\/uploads\/2026\/01\/login_silver_en.jpg 600w\" sizes=\"(max-width: 810px) 100vw, 400px\" \/><\/span><\/div><\/div><\/div><\/div><\/div><\/p>\n","protected":false},"excerpt":{"rendered":"","protected":false},"author":2,"featured_media":0,"parent":4143,"menu_order":0,"comment_status":"closed","ping_status":"closed","template":"100-width.php","meta":{"_acf_changed":false,"footnotes":""},"class_list":["post-4174","page","type-page","status-publish","hentry"],"acf":[],"_links":{"self":[{"href":"https:\/\/www.wifi-network.eu\/site\/wp-json\/wp\/v2\/pages\/4174","targetHints":{"allow":["GET"]}}],"collection":[{"href":"https:\/\/www.wifi-network.eu\/site\/wp-json\/wp\/v2\/pages"}],"about":[{"href":"https:\/\/www.wifi-network.eu\/site\/wp-json\/wp\/v2\/types\/page"}],"author":[{"embeddable":true,"href":"https:\/\/www.wifi-network.eu\/site\/wp-json\/wp\/v2\/users\/2"}],"replies":[{"embeddable":true,"href":"https:\/\/www.wifi-network.eu\/site\/wp-json\/wp\/v2\/comments?post=4174"}],"version-history":[{"count":2,"href":"https:\/\/www.wifi-network.eu\/site\/wp-json\/wp\/v2\/pages\/4174\/revisions"}],"predecessor-version":[{"id":4176,"href":"https:\/\/www.wifi-network.eu\/site\/wp-json\/wp\/v2\/pages\/4174\/revisions\/4176"}],"up":[{"embeddable":true,"href":"https:\/\/www.wifi-network.eu\/site\/wp-json\/wp\/v2\/pages\/4143"}],"wp:attachment":[{"href":"https:\/\/www.wifi-network.eu\/site\/wp-json\/wp\/v2\/media?parent=4174"}],"curies":[{"name":"wp","href":"https:\/\/api.w.org\/{rel}","templated":true}]}}