{"id":4138,"date":"2026-01-28T16:53:15","date_gmt":"2026-01-28T15:53:15","guid":{"rendered":"http:\/\/wifi-network.local\/site\/?page_id=4138"},"modified":"2026-03-27T10:39:19","modified_gmt":"2026-03-27T09:39:19","slug":"gdpr-overview","status":"publish","type":"page","link":"https:\/\/www.wifi-network.eu\/site\/de\/gdpr-overview\/","title":{"rendered":"\u00dcberblick zur DSGVO"},"content":{"rendered":"<div class=\"fusion-fullwidth fullwidth-box fusion-builder-row-1 fusion-flex-container nonhundred-percent-fullwidth non-hundred-percent-height-scrolling\" style=\"--awb-border-radius-top-left:0px;--awb-border-radius-top-right:0px;--awb-border-radius-bottom-right:0px;--awb-border-radius-bottom-left:0px;--awb-flex-wrap:wrap;\" ><div class=\"fusion-builder-row fusion-row fusion-flex-align-items-flex-start fusion-flex-content-wrap\" style=\"max-width:1248px;margin-left: calc(-4% \/ 2 );margin-right: calc(-4% \/ 2 );\"><div class=\"fusion-layout-column fusion_builder_column fusion-builder-column-0 fusion_builder_column_1_1 1_1 fusion-flex-column\" style=\"--awb-bg-size:cover;--awb-width-large:100%;--awb-margin-top-large:0px;--awb-spacing-right-large:1.92%;--awb-margin-bottom-large:32px;--awb-spacing-left-large:1.92%;--awb-width-medium:100%;--awb-order-medium:0;--awb-spacing-right-medium:1.92%;--awb-spacing-left-medium:1.92%;--awb-width-small:100%;--awb-order-small:0;--awb-spacing-right-small:1.92%;--awb-spacing-left-small:1.92%;\" data-scroll-devices=\"small-visibility,medium-visibility,large-visibility\"><div class=\"fusion-column-wrapper fusion-column-has-shadow fusion-flex-justify-content-flex-start fusion-content-layout-column\"><div class=\"fusion-text fusion-text-1\"><p>Die 2016 verabschiedete Datenschutz-Grundverordnung (DSGVO) ist die bedeutendste Gesetzes\u00e4nderung im europ\u00e4ischen Datenschutzrecht seit der EU-Datenschutzrichtlinie (Richtlinie 95\/46\/EG) von 1995. Die DSGVO, die seit dem 25. Mai 2018 gilt, zielt darauf ab, die Sicherheit und den Schutz personenbezogener Daten in der EU zu st\u00e4rken und dient als einheitliches Rechtsinstrument f\u00fcr die gesamte EU. Sie hat die EU-Datenschutzrichtlinie und alle dazugeh\u00f6rigen nationalen Gesetze ersetzt.<br \/>\nWir unterst\u00fctzen die DSGVO und stellen sicher, dass alle unsere Dienstleistungen ihren Bestimmungen entsprechen.<br \/>\nDie DSGVO ist nicht nur ein wichtiger Schritt zum Schutz des Grundrechts auf Privatsph\u00e4re f\u00fcr europ\u00e4ische B\u00fcrger, sondern setzt auch neue Ma\u00dfst\u00e4be f\u00fcr Datenschutz, Datensicherheit und Compliance in der Branche.<\/p>\n<\/div><div style=\"text-align:left;\"><a class=\"fusion-button button-flat fusion-button-default-size button-custom fusion-button-default button-1 fusion-button-default-span fusion-button-default-type\" style=\"--button_accent_color:var(--awb-color1);--button_accent_hover_color:var(--awb-color1);--button_border_hover_color:var(--awb-color1);--button_gradient_top_color:var(--awb-color5);--button_gradient_bottom_color:var(--awb-color5);--button_gradient_top_color_hover:hsla(var(--awb-custom_color_3-h),var(--awb-custom_color_3-s),calc(var(--awb-custom_color_3-l) - 10%),var(--awb-custom_color_3-a));--button_gradient_bottom_color_hover:hsla(var(--awb-custom_color_3-h),var(--awb-custom_color_3-s),calc(var(--awb-custom_color_3-l) - 10%),var(--awb-custom_color_3-a));--button_margin-top:32px;\" target=\"_self\" data-hover=\"text_slide_up\" href=\"\/site\/de\/datenverarbeitungsvereinbarung \/\"><i class=\"fa-file-contract fas awb-button__icon awb-button__icon--default button-icon-left\" aria-hidden=\"true\"><\/i><div class=\"awb-button-text-transition \"><span class=\"fusion-button-text awb-button__text awb-button__text--default\">Datenverarbeitungsvereinbarung<\/span><span class=\"fusion-button-text awb-button__text awb-button__text--default\">Datenverarbeitungsvereinbarung<\/span><\/div><\/a><\/div><\/div><\/div><\/div><\/div>\n","protected":false},"excerpt":{"rendered":"","protected":false},"author":2,"featured_media":0,"parent":0,"menu_order":0,"comment_status":"closed","ping_status":"closed","template":"100-width.php","meta":{"_acf_changed":false,"footnotes":""},"class_list":["post-4138","page","type-page","status-publish","hentry"],"acf":[],"_links":{"self":[{"href":"https:\/\/www.wifi-network.eu\/site\/wp-json\/wp\/v2\/pages\/4138","targetHints":{"allow":["GET"]}}],"collection":[{"href":"https:\/\/www.wifi-network.eu\/site\/wp-json\/wp\/v2\/pages"}],"about":[{"href":"https:\/\/www.wifi-network.eu\/site\/wp-json\/wp\/v2\/types\/page"}],"author":[{"embeddable":true,"href":"https:\/\/www.wifi-network.eu\/site\/wp-json\/wp\/v2\/users\/2"}],"replies":[{"embeddable":true,"href":"https:\/\/www.wifi-network.eu\/site\/wp-json\/wp\/v2\/comments?post=4138"}],"version-history":[{"count":3,"href":"https:\/\/www.wifi-network.eu\/site\/wp-json\/wp\/v2\/pages\/4138\/revisions"}],"predecessor-version":[{"id":4339,"href":"https:\/\/www.wifi-network.eu\/site\/wp-json\/wp\/v2\/pages\/4138\/revisions\/4339"}],"wp:attachment":[{"href":"https:\/\/www.wifi-network.eu\/site\/wp-json\/wp\/v2\/media?parent=4138"}],"curies":[{"name":"wp","href":"https:\/\/api.w.org\/{rel}","templated":true}]}}