{"id":4096,"date":"2026-01-27T19:26:53","date_gmt":"2026-01-27T18:26:53","guid":{"rendered":"http:\/\/wifi-network.local\/site\/?page_id=4096"},"modified":"2026-02-05T08:49:45","modified_gmt":"2026-02-05T07:49:45","slug":"chi-siamo","status":"publish","type":"page","link":"https:\/\/www.wifi-network.eu\/site\/it\/chi-siamo\/","title":{"rendered":"Chi siamo"},"content":{"rendered":"<div class=\"fusion-fullwidth fullwidth-box fusion-builder-row-1 fusion-flex-container nonhundred-percent-fullwidth non-hundred-percent-height-scrolling\" style=\"--awb-border-radius-top-left:0px;--awb-border-radius-top-right:0px;--awb-border-radius-bottom-right:0px;--awb-border-radius-bottom-left:0px;--awb-flex-wrap:wrap;\" ><div class=\"fusion-builder-row fusion-row fusion-flex-align-items-flex-start fusion-flex-content-wrap\" style=\"max-width:1248px;margin-left: calc(-4% \/ 2 );margin-right: calc(-4% \/ 2 );\"><div class=\"fusion-layout-column fusion_builder_column fusion-builder-column-0 fusion_builder_column_1_1 1_1 fusion-flex-column\" style=\"--awb-bg-size:cover;--awb-width-large:100%;--awb-margin-top-large:0px;--awb-spacing-right-large:1.92%;--awb-margin-bottom-large:0px;--awb-spacing-left-large:1.92%;--awb-width-medium:100%;--awb-spacing-right-medium:1.92%;--awb-spacing-left-medium:1.92%;--awb-width-small:100%;--awb-spacing-right-small:1.92%;--awb-spacing-left-small:1.92%;\"><div class=\"fusion-column-wrapper fusion-flex-justify-content-flex-start fusion-content-layout-column\"><div class=\"fusion-text fusion-text-1\"><p><strong data-start=\"0\" data-end=\"35\" data-is-only-node=\"\">Wirtech \u2013 Wireless Technologies<\/strong> \u00e8 un\u2019azienda con sede a Londra specializzata in tecnologie wireless e Internet.<br data-start=\"115\" data-end=\"118\" \/>Wirtech ha creato il circuito internazionale di hotspot <strong data-start=\"174\" data-end=\"199\">WiFi-Network\/EverFast<\/strong> per offrire una connessione all&#8217;Internet gratuita e affidabile nei luoghi pubblici.<\/p>\n<\/div><div class=\"fusion-image-element \" style=\"--awb-margin-top:32px;--awb-margin-bottom:32px;--awb-caption-title-font-family:var(--h2_typography-font-family);--awb-caption-title-font-weight:var(--h2_typography-font-weight);--awb-caption-title-font-style:var(--h2_typography-font-style);--awb-caption-title-size:var(--h2_typography-font-size);--awb-caption-title-transform:var(--h2_typography-text-transform);--awb-caption-title-line-height:var(--h2_typography-line-height);--awb-caption-title-letter-spacing:var(--h2_typography-letter-spacing);\"><span class=\" fusion-imageframe imageframe-none imageframe-1 hover-type-none fusion-animated\" data-animationType=\"fadeInRight\" data-animationDuration=\"0.3\" data-animationOffset=\"top-into-view\"><img decoding=\"async\" width=\"600\" height=\"235\" alt=\"connessione a Internet gratuita e affidabile nei luoghi pubblici\" title=\"wifi-network-sicurezza\" src=\"https:\/\/www.wifi-network.eu\/site\/wp-content\/uploads\/2026\/01\/wifi-network-sicurezza-1-600x235.png\" class=\"img-responsive wp-image-4099\" srcset=\"https:\/\/www.wifi-network.eu\/site\/wp-content\/uploads\/2026\/01\/wifi-network-sicurezza-1-200x78.png 200w, https:\/\/www.wifi-network.eu\/site\/wp-content\/uploads\/2026\/01\/wifi-network-sicurezza-1-400x157.png 400w, https:\/\/www.wifi-network.eu\/site\/wp-content\/uploads\/2026\/01\/wifi-network-sicurezza-1-600x235.png 600w, https:\/\/www.wifi-network.eu\/site\/wp-content\/uploads\/2026\/01\/wifi-network-sicurezza-1.png 750w\" sizes=\"(max-width: 810px) 100vw, 600px\" \/><\/span><\/div><div class=\"fusion-text fusion-text-2\"><p>Collegarsi ad una rete aperta WiFi pubblica e\/o non protetta comporta un potenziale rischio di sottrazione dei dati contenuti nel proprio device. Se ci si trova lontani dai propri luoghi abituali e si ha la necessit\u00e0 di accedere all\u2019Internet da un hotspot pubblico, \u00e8 fondamentale dunque verificarne l\u2019affidabilit\u00e0.<br \/>\nPer quanto riguarda la sicurezza \u00e8 importante evitare le reti non protette, in particolare quelle che non richiedono alcuna password per l\u2019accesso o che utilizzano la medesima password per tutti gli utenti e che molto spesso, peraltro, rimane invariata per lunghi periodi o quelle che, pur in assenza di un sistema di registrazione, rilasciano a ciascun utente una password diversa ma senza associarla all\u2019effettivo utilizzatore, il che rende impossibile risalire ai responsabili di eventuali illeciti e\/o reati commessi attraverso la rete WiFi della location. Questi hotspot costituiscono l\u2019ambiente ideale per eventuali malfattori che, protetti dall\u2019anonimato, possono agevolmente intercettare le comunicazioni veicolate attraverso la rete wireless.<br \/>\nNella scelta dell\u2019hotspot pubblico da utilizzare \u00e8 quindi fondamentale sincerarsi che le transazioni da e verso il fornitore del servizio avvengano in modalit\u00e0 crittografata con l\u2019ausilio di certificati SSL\/TLS ufficiali, verificandone contestualmente la titolarit\u00e0 e la conseguente assunzione di responsabilit\u00e0 del Provider in relazione al trattamento dei dati inseriti.<\/p>\n<p>Tra le reti WiFi affidabili si possono perci\u00f2 generalmente annoverare quelle rese disponibili da Enti e associazioni pubbliche (le c.d. reti civiche), quelle gestite direttamente dalle Societ\u00e0 di telecomunicazioni o dagli I.S.P. (Internet Service Provider) e quelle attive all\u2019interno di strutture commerciali e ricettive afferenti a Societ\u00e0 identificabili e di provata seriet\u00e0, purch\u00e9 dotate di sistemi di registrazione e rilascio delle password nel rispetto della privacy.<\/p>\n<p>La piattaforma <strong>EverFast<\/strong>, basata su data center strategicamente dislocati in Inghilterra, Svizzera e Italia, ottempera a tutti questi requisiti ed \u00e8 in grado di garantire i <strong>massimi livelli di affidabilit\u00e0 e sicurezza<\/strong> agli utenti che possono cos\u00ec utilizzare il servizio in piena tranquillit\u00e0, sempre.<\/p>\n<\/div><div class=\"fusion-text fusion-text-3\"><p><video poster=\"\/site\/wp-content\/uploads\/2026\/01\/wirtech_video_ENG.jpg\" controls=\"controls\" width=\"640\" height=\"360\" data-mce-fragment=\"1\"><span data-mce-type=\"bookmark\" style=\"display: inline-block; width: 0px; overflow: hidden; line-height: 0;\" class=\"mce_SELRES_start\">\ufeff<\/span><span data-mce-type=\"bookmark\" style=\"display: inline-block; width: 0px; overflow: hidden; line-height: 0;\" class=\"mce_SELRES_start\">\ufeff<\/span><source src=\"\/site\/wp-content\/uploads\/2026\/01\/WirtechIT.mp4\" type=\"video\/mp4\" \/><span data-mce-type=\"bookmark\" style=\"display: inline-block; width: 0px; overflow: hidden; line-height: 0;\" class=\"mce_SELRES_start\">\ufeff<\/span>Il tuo browser non supporta i video.<span data-mce-type=\"bookmark\" style=\"display: inline-block; width: 0px; overflow: hidden; line-height: 0;\" class=\"mce_SELRES_end\">\ufeff<\/span><\/video><\/p>\n<\/div><\/div><\/div><\/div><\/div>\n","protected":false},"excerpt":{"rendered":"","protected":false},"author":2,"featured_media":0,"parent":0,"menu_order":0,"comment_status":"closed","ping_status":"closed","template":"100-width.php","meta":{"_acf_changed":false,"footnotes":""},"class_list":["post-4096","page","type-page","status-publish","hentry"],"acf":[],"_links":{"self":[{"href":"https:\/\/www.wifi-network.eu\/site\/wp-json\/wp\/v2\/pages\/4096","targetHints":{"allow":["GET"]}}],"collection":[{"href":"https:\/\/www.wifi-network.eu\/site\/wp-json\/wp\/v2\/pages"}],"about":[{"href":"https:\/\/www.wifi-network.eu\/site\/wp-json\/wp\/v2\/types\/page"}],"author":[{"embeddable":true,"href":"https:\/\/www.wifi-network.eu\/site\/wp-json\/wp\/v2\/users\/2"}],"replies":[{"embeddable":true,"href":"https:\/\/www.wifi-network.eu\/site\/wp-json\/wp\/v2\/comments?post=4096"}],"version-history":[{"count":3,"href":"https:\/\/www.wifi-network.eu\/site\/wp-json\/wp\/v2\/pages\/4096\/revisions"}],"predecessor-version":[{"id":4278,"href":"https:\/\/www.wifi-network.eu\/site\/wp-json\/wp\/v2\/pages\/4096\/revisions\/4278"}],"wp:attachment":[{"href":"https:\/\/www.wifi-network.eu\/site\/wp-json\/wp\/v2\/media?parent=4096"}],"curies":[{"name":"wp","href":"https:\/\/api.w.org\/{rel}","templated":true}]}}