{"id":4093,"date":"2026-01-27T18:52:50","date_gmt":"2026-01-27T17:52:50","guid":{"rendered":"http:\/\/wifi-network.local\/site\/?page_id=4093"},"modified":"2026-01-28T09:53:29","modified_gmt":"2026-01-28T08:53:29","slug":"wir-uber-uns","status":"publish","type":"page","link":"https:\/\/www.wifi-network.eu\/site\/de\/wir-uber-uns\/","title":{"rendered":"Wir \u00fcber uns"},"content":{"rendered":"<div class=\"fusion-fullwidth fullwidth-box fusion-builder-row-1 fusion-flex-container nonhundred-percent-fullwidth non-hundred-percent-height-scrolling\" style=\"--awb-border-radius-top-left:0px;--awb-border-radius-top-right:0px;--awb-border-radius-bottom-right:0px;--awb-border-radius-bottom-left:0px;--awb-flex-wrap:wrap;\" ><div class=\"fusion-builder-row fusion-row fusion-flex-align-items-flex-start fusion-flex-content-wrap\" style=\"max-width:1248px;margin-left: calc(-4% \/ 2 );margin-right: calc(-4% \/ 2 );\"><div class=\"fusion-layout-column fusion_builder_column fusion-builder-column-0 fusion_builder_column_1_1 1_1 fusion-flex-column\" style=\"--awb-bg-size:cover;--awb-width-large:100%;--awb-margin-top-large:0px;--awb-spacing-right-large:1.92%;--awb-margin-bottom-large:0px;--awb-spacing-left-large:1.92%;--awb-width-medium:100%;--awb-spacing-right-medium:1.92%;--awb-spacing-left-medium:1.92%;--awb-width-small:100%;--awb-spacing-right-small:1.92%;--awb-spacing-left-small:1.92%;\"><div class=\"fusion-column-wrapper fusion-flex-justify-content-flex-start fusion-content-layout-column\"><div class=\"fusion-text fusion-text-1\"><p><strong data-start=\"56\" data-end=\"91\">Wirtech \u2013 Wireless Technologies<\/strong> ist ein in London ans\u00e4ssiges Unternehmen, das auf drahtlose Technologien und das Internet spezialisiert ist.<br data-start=\"200\" data-end=\"203\" \/>Wirtech hat den internationalen Hotspot-Verbund <strong data-start=\"251\" data-end=\"276\">WiFi-Network\/EverFast<\/strong> geschaffen, um in \u00f6ffentlichen Bereichen einen kostenlosen und zuverl\u00e4ssigen Internetzugang bereitzustellen.<\/p>\n<\/div><div class=\"fusion-image-element \" style=\"--awb-margin-top:32px;--awb-margin-bottom:32px;--awb-caption-title-font-family:var(--h2_typography-font-family);--awb-caption-title-font-weight:var(--h2_typography-font-weight);--awb-caption-title-font-style:var(--h2_typography-font-style);--awb-caption-title-size:var(--h2_typography-font-size);--awb-caption-title-transform:var(--h2_typography-text-transform);--awb-caption-title-line-height:var(--h2_typography-line-height);--awb-caption-title-letter-spacing:var(--h2_typography-letter-spacing);\"><span class=\" fusion-imageframe imageframe-none imageframe-1 hover-type-none fusion-animated\" data-animationType=\"fadeInRight\" data-animationDuration=\"0.3\" data-animationOffset=\"top-into-view\"><img decoding=\"async\" width=\"600\" height=\"235\" alt=\"kostenloser und zuverl\u00e4ssiger Internetzugang in \u00f6ffentlichen Bereichen\" title=\"wifi-network-Internetsicherheit\" src=\"https:\/\/www.wifi-network.eu\/site\/wp-content\/uploads\/2026\/01\/wifi-network-sicurezza-1-600x235.png\" class=\"img-responsive wp-image-4100\" srcset=\"https:\/\/www.wifi-network.eu\/site\/wp-content\/uploads\/2026\/01\/wifi-network-sicurezza-1-200x78.png 200w, https:\/\/www.wifi-network.eu\/site\/wp-content\/uploads\/2026\/01\/wifi-network-sicurezza-1-400x157.png 400w, https:\/\/www.wifi-network.eu\/site\/wp-content\/uploads\/2026\/01\/wifi-network-sicurezza-1-600x235.png 600w, https:\/\/www.wifi-network.eu\/site\/wp-content\/uploads\/2026\/01\/wifi-network-sicurezza-1.png 750w\" sizes=\"(max-width: 810px) 100vw, 600px\" \/><\/span><\/div><div class=\"fusion-text fusion-text-2\"><p>Wenn Sie auf ein offenes und\/oder ungesch\u00fctztes \u00f6ffentliches WLAN-Netz zugreifen, laufen Sie Gefahr, dass die auf Ihrem Ger\u00e4t gespeicherten Daten gestohlen werden. Deshalb sollten Sie die Zuverl\u00e4ssigkeit eines \u00f6ffentlichen Hotspots unbedingt pr\u00fcfen, bevor Sie \u00fcber diesen Hotspot auf das Internet zugreifen.<br \/>\nAus Sicherheitsgr\u00fcnden ist es wichtig, ungesch\u00fctzte Netzwerke zu vermeiden, was vor allem f\u00fcr Netzwerke gilt, die kein Passwort verlangen oder dasselbe Passwort f\u00fcr alle Benutzer verwenden und dieses nur sehr selten \u00e4ndern. Vermeiden sollten Sie auch Netzwerke, die auch mangels eines Registrierungssystems f\u00fcr jeden Benutzer ein anderes Passwort vorsehen, ohne dies jedoch mit dem aktuellen Benutzer in Verbindung zu stellen. So ist es n\u00e4mlich unm\u00f6glich, jene Benutzer ausfindig zu machen, die f\u00fcr eine \u00fcber das entsprechende WLAN-Netz begangene Beleidigung und\/oder Straftat verantwortlich sind. Diese Hotspots sind die ideale Umgebung f\u00fcr Misset\u00e4ter, die im Schutz der Anonymit\u00e4t hier leicht Kommunikationen abfangen k\u00f6nnen, die \u00fcber drahtlose Netzwerke \u00fcbermittelt werden.<br \/>\nBei der Wahl Ihres \u00f6ffentlichen Hotspots sollten Sie auf jeden Fall sicherstellen, dass die zwischen Ihnen und dem Service-Provider stattfindenden Transaktionen mit Hilfe offizieller SSL\/TLS-Zertifikate verschl\u00fcsselt werden. Sie sollten auch den Provider selbst und dessen Bestimmungen zur Datenverarbeitung pr\u00fcfen.<\/p>\n<p>Zuverl\u00e4ssige WLAN-Netze werden normalerweise von \u00f6ffentlichen Einrichtungen und Verb\u00e4nden, von Telekommunikationsunternehmen oder Internetdienstanbietern oder von Gesch\u00e4ftseinrichtungen und Beherbergungsbetrieben in Zusammenarbeit mit identifizierbaren und bew\u00e4hrt zuverl\u00e4ssigen Unternehmen angeboten und verf\u00fcgen \u00fcber ein Registrierungs- und Passwortsystem, um Ihre vertraulichen Daten zu sch\u00fctzen.<\/p>\n<p>Die Plattform <strong>EverFast<\/strong> basiert auf aus strategischen Gr\u00fcnden in Gro\u00dfbritannien, der Schweiz und Italien befindlichen Rechnungszentren und wird all diesen Anforderungen gerecht. Dar\u00fcber hinaus garantiert diese Plattform <strong>ein Maximum an Zuverl\u00e4ssigkeit und Sicherheit<\/strong>, und somit auch absolute Ruhe und Gelassenheit f\u00fcr den Benutzer. Jederzeit.<\/p>\n<\/div><div class=\"fusion-text fusion-text-3\"><p><video poster=\"\/site\/wp-content\/uploads\/2026\/01\/wirtech_video_ENG.jpg\" controls=\"controls\" width=\"640\" height=\"360\" data-mce-fragment=\"1\"><span data-mce-type=\"bookmark\" style=\"display: inline-block; width: 0px; overflow: hidden; line-height: 0;\" class=\"mce_SELRES_start\">\ufeff<\/span><span data-mce-type=\"bookmark\" style=\"display: inline-block; width: 0px; overflow: hidden; line-height: 0;\" class=\"mce_SELRES_start\">\ufeff<\/span><source src=\"\/site\/wp-content\/uploads\/2026\/01\/WirtechDE.mp4\" type=\"video\/mp4\" \/>Dein Browser unterst\u00fctzt keine Videos.<span data-mce-type=\"bookmark\" style=\"display: inline-block; width: 0px; overflow: hidden; line-height: 0;\" class=\"mce_SELRES_start\">\ufeff<\/span><\/video><\/p>\n<\/div><\/div><\/div><\/div><\/div>\n","protected":false},"excerpt":{"rendered":"","protected":false},"author":2,"featured_media":0,"parent":0,"menu_order":0,"comment_status":"closed","ping_status":"closed","template":"100-width.php","meta":{"_acf_changed":false,"footnotes":""},"class_list":["post-4093","page","type-page","status-publish","hentry"],"acf":[],"_links":{"self":[{"href":"https:\/\/www.wifi-network.eu\/site\/wp-json\/wp\/v2\/pages\/4093","targetHints":{"allow":["GET"]}}],"collection":[{"href":"https:\/\/www.wifi-network.eu\/site\/wp-json\/wp\/v2\/pages"}],"about":[{"href":"https:\/\/www.wifi-network.eu\/site\/wp-json\/wp\/v2\/types\/page"}],"author":[{"embeddable":true,"href":"https:\/\/www.wifi-network.eu\/site\/wp-json\/wp\/v2\/users\/2"}],"replies":[{"embeddable":true,"href":"https:\/\/www.wifi-network.eu\/site\/wp-json\/wp\/v2\/comments?post=4093"}],"version-history":[{"count":3,"href":"https:\/\/www.wifi-network.eu\/site\/wp-json\/wp\/v2\/pages\/4093\/revisions"}],"predecessor-version":[{"id":4107,"href":"https:\/\/www.wifi-network.eu\/site\/wp-json\/wp\/v2\/pages\/4093\/revisions\/4107"}],"wp:attachment":[{"href":"https:\/\/www.wifi-network.eu\/site\/wp-json\/wp\/v2\/media?parent=4093"}],"curies":[{"name":"wp","href":"https:\/\/api.w.org\/{rel}","templated":true}]}}